{"id":1173,"date":"2026-03-30T13:21:31","date_gmt":"2026-03-30T10:21:31","guid":{"rendered":"https:\/\/familytree.in.ua\/?page_id=1173"},"modified":"2026-03-31T09:22:37","modified_gmt":"2026-03-31T06:22:37","slug":"blog","status":"publish","type":"page","link":"https:\/\/familytree.in.ua\/ro\/blog\/","title":{"rendered":"Blog"},"content":{"rendered":"<div class=\"wp-block-uagb-container uagb-block-4d823ff0 alignfull uagb-is-root-container\"><div class=\"uagb-container-inner-blocks-wrap\">\n<div class=\"wp-block-uagb-container uagb-block-ab675c04\">\n<h1 class=\"wp-block-heading has-text-align-center has-white-color has-text-color has-link-color wp-elements-2ae816bb24505feecf96d96ce6ac817b\">Blog<\/h1>\n<\/div>\n<\/div><\/div>\n\n\n\n<div class=\"wp-block-uagb-container uagb-block-ff8b7cda alignfull uagb-is-root-container\"><div class=\"uagb-container-inner-blocks-wrap\">\n<div class=\"wp-block-group is-layout-constrained wp-block-group-is-layout-constrained\" style=\"padding-top:var(--wp--preset--spacing--80);padding-bottom:var(--wp--preset--spacing--80)\">\n<div class=\"wp-block-query is-layout-flow wp-block-query-is-layout-flow\"><ul class=\"columns-3 wp-block-post-template is-layout-grid wp-container-core-post-template-is-layout-6d3fbd8f wp-block-post-template-is-layout-grid\"><li class=\"wp-block-post post-1181 post type-post status-publish format-standard has-post-thumbnail hentry category-blog tag-9 tag-17 tag-19 tag-15 tag-8 tag-10 tag-18 tag-16 tag-14 tag-13 tag-11 tag-20 tag-12\">\n<figure class=\"wp-block-post-featured-image\"><a href=\"https:\/\/familytree.in.ua\/ro\/pobudova-rodovodu\/\" target=\"_self\"  ><img loading=\"lazy\" decoding=\"async\" width=\"1408\" height=\"768\" src=\"https:\/\/familytree.in.ua\/wp-content\/uploads\/2026\/03\/\u041f\u043e\u0448\u0443\u043a-\u043f\u0440\u0435\u0434\u043a\u0456\u0432.png\" class=\"attachment-post-thumbnail size-post-thumbnail wp-post-image\" alt=\"Construirea unui arbore genealogic: de unde s\u0103 \u00eencepi cercetarea independent\u0103\" style=\"object-fit:cover;\" srcset=\"https:\/\/familytree.in.ua\/wp-content\/uploads\/2026\/03\/\u041f\u043e\u0448\u0443\u043a-\u043f\u0440\u0435\u0434\u043a\u0456\u0432.png 1408w, https:\/\/familytree.in.ua\/wp-content\/uploads\/2026\/03\/\u041f\u043e\u0448\u0443\u043a-\u043f\u0440\u0435\u0434\u043a\u0456\u0432-300x164.png 300w, https:\/\/familytree.in.ua\/wp-content\/uploads\/2026\/03\/\u041f\u043e\u0448\u0443\u043a-\u043f\u0440\u0435\u0434\u043a\u0456\u0432-1024x559.png 1024w, https:\/\/familytree.in.ua\/wp-content\/uploads\/2026\/03\/\u041f\u043e\u0448\u0443\u043a-\u043f\u0440\u0435\u0434\u043a\u0456\u0432-768x419.png 768w, https:\/\/familytree.in.ua\/wp-content\/uploads\/2026\/03\/\u041f\u043e\u0448\u0443\u043a-\u043f\u0440\u0435\u0434\u043a\u0456\u0432-18x10.png 18w\" sizes=\"auto, (max-width: 1408px) 100vw, 1408px\" \/><\/a><\/figure>\n\n<h2 class=\"has-link-color wp-elements-baa78d56bf668df0f6a9d812e9b15b03 wp-block-post-title has-medium-font-size\"><a href=\"https:\/\/familytree.in.ua\/ro\/pobudova-rodovodu\/\" target=\"_self\" >Construirea unui arbore genealogic: de unde s\u0103 \u00eencepi cercetarea independent\u0103<\/a><\/h2>\n\n<div class=\"wp-block-post-date\"><time datetime=\"2026-03-30T13:53:17+03:00\">30.03.2026<\/time><\/div>\n\n<div class=\"has-link-color wp-elements-2c7ba3ad0077eff25e7110d157108c29 wp-block-post-excerpt has-text-color has-ast-global-color-8-color\"><p class=\"wp-block-post-excerpt__excerpt\">C\u0103utarea str\u0103mo\u0219ilor nu este doar o colec\u021bie de nume, ci o adev\u0103rat\u0103 investiga\u021bie detectivistic\u0103. Pentru ca un arbore genealogic s\u0103 fie sustenabil, acesta trebuie s\u0103 se bazeze pe\u2026<\/p><p class=\"wp-block-post-excerpt__more-text\"><a class=\"wp-block-post-excerpt__more-link\" href=\"https:\/\/familytree.in.ua\/ro\/pobudova-rodovodu\/\">Mai multe detalii<\/a><\/p><\/div>\n<\/li><li class=\"wp-block-post post-1177 post type-post status-publish format-standard has-post-thumbnail hentry category-blog tag-9 tag-17 tag-19 tag-15 tag-10 tag-18 tag-14\">\n<figure class=\"wp-block-post-featured-image\"><a href=\"https:\/\/familytree.in.ua\/ro\/yak-pidtverdyty-natsional%ca%b9nist%ca%b9\/\" target=\"_self\"  ><img loading=\"lazy\" decoding=\"async\" width=\"1408\" height=\"768\" src=\"https:\/\/familytree.in.ua\/wp-content\/uploads\/2026\/03\/\u043f\u0456\u0434\u0442\u0432\u0435\u0440\u0434\u0438\u0442\u0438-\u043d\u0430\u0446\u0456\u043e\u043d\u0430\u043b\u044c\u043d\u0456\u0441\u0442\u044c.png\" class=\"attachment-post-thumbnail size-post-thumbnail wp-post-image\" alt=\"Cum s\u0103 confirma\u021bi na\u021bionalitatea: Foaia de parcurs pentru c\u0103utarea \u00een arhive\" style=\"object-fit:cover;\" srcset=\"https:\/\/familytree.in.ua\/wp-content\/uploads\/2026\/03\/\u043f\u0456\u0434\u0442\u0432\u0435\u0440\u0434\u0438\u0442\u0438-\u043d\u0430\u0446\u0456\u043e\u043d\u0430\u043b\u044c\u043d\u0456\u0441\u0442\u044c.png 1408w, https:\/\/familytree.in.ua\/wp-content\/uploads\/2026\/03\/\u043f\u0456\u0434\u0442\u0432\u0435\u0440\u0434\u0438\u0442\u0438-\u043d\u0430\u0446\u0456\u043e\u043d\u0430\u043b\u044c\u043d\u0456\u0441\u0442\u044c-300x164.png 300w, https:\/\/familytree.in.ua\/wp-content\/uploads\/2026\/03\/\u043f\u0456\u0434\u0442\u0432\u0435\u0440\u0434\u0438\u0442\u0438-\u043d\u0430\u0446\u0456\u043e\u043d\u0430\u043b\u044c\u043d\u0456\u0441\u0442\u044c-1024x559.png 1024w, https:\/\/familytree.in.ua\/wp-content\/uploads\/2026\/03\/\u043f\u0456\u0434\u0442\u0432\u0435\u0440\u0434\u0438\u0442\u0438-\u043d\u0430\u0446\u0456\u043e\u043d\u0430\u043b\u044c\u043d\u0456\u0441\u0442\u044c-768x419.png 768w, https:\/\/familytree.in.ua\/wp-content\/uploads\/2026\/03\/\u043f\u0456\u0434\u0442\u0432\u0435\u0440\u0434\u0438\u0442\u0438-\u043d\u0430\u0446\u0456\u043e\u043d\u0430\u043b\u044c\u043d\u0456\u0441\u0442\u044c-18x10.png 18w\" sizes=\"auto, (max-width: 1408px) 100vw, 1408px\" \/><\/a><\/figure>\n\n<h2 class=\"has-link-color wp-elements-baa78d56bf668df0f6a9d812e9b15b03 wp-block-post-title has-medium-font-size\"><a href=\"https:\/\/familytree.in.ua\/ro\/yak-pidtverdyty-natsional%ca%b9nist%ca%b9\/\" target=\"_self\" >Cum s\u0103 confirma\u021bi na\u021bionalitatea: Foaia de parcurs pentru c\u0103utarea \u00een arhive<\/a><\/h2>\n\n<div class=\"wp-block-post-date\"><time datetime=\"2026-03-30T13:38:53+03:00\">30.03.2026<\/time><\/div>\n\n<div class=\"has-link-color wp-elements-2c7ba3ad0077eff25e7110d157108c29 wp-block-post-excerpt has-text-color has-ast-global-color-8-color\"><p class=\"wp-block-post-excerpt__excerpt\">Ast\u0103zi, cererea de confirmare a na\u021bionalit\u0103\u021bii (evreiasc\u0103, polonez\u0103, german\u0103, ceh\u0103 \u0219i altele) este una dintre cele mai populare \u00een genealogie. Nu este doar...<\/p><p class=\"wp-block-post-excerpt__more-text\"><a class=\"wp-block-post-excerpt__more-link\" href=\"https:\/\/familytree.in.ua\/ro\/yak-pidtverdyty-natsional%ca%b9nist%ca%b9\/\">Mai multe detalii<\/a><\/p><\/div>\n<\/li><\/ul><\/div>\n<\/div>\n<\/div><\/div>","protected":false},"excerpt":{"rendered":"<p>Blog<\/p>","protected":false},"author":1,"featured_media":0,"parent":0,"menu_order":0,"comment_status":"closed","ping_status":"closed","template":"","meta":{"_uag_custom_page_level_css":"","site-sidebar-layout":"no-sidebar","site-content-layout":"","ast-site-content-layout":"normal-width-container","site-content-style":"unboxed","site-sidebar-style":"unboxed","ast-global-header-display":"","ast-banner-title-visibility":"","ast-main-header-display":"","ast-hfb-above-header-display":"","ast-hfb-below-header-display":"","ast-hfb-mobile-header-display":"","site-post-title":"disabled","ast-breadcrumbs-content":"","ast-featured-img":"disabled","footer-sml-layout":"","theme-transparent-header-meta":"enabled","adv-header-id-meta":"","stick-header-meta":"","header-above-stick-meta":"","header-main-stick-meta":"","header-below-stick-meta":"","astra-migrate-meta-layouts":"set","ast-page-background-enabled":"default","ast-page-background-meta":{"desktop":{"background-color":"var(--ast-global-color-4)","background-image":"","background-repeat":"repeat","background-position":"center center","background-size":"auto","background-attachment":"scroll","background-type":"","background-media":"","overlay-type":"","overlay-color":"","overlay-opacity":"","overlay-gradient":""},"tablet":{"background-color":"","background-image":"","background-repeat":"repeat","background-position":"center center","background-size":"auto","background-attachment":"scroll","background-type":"","background-media":"","overlay-type":"","overlay-color":"","overlay-opacity":"","overlay-gradient":""},"mobile":{"background-color":"","background-image":"","background-repeat":"repeat","background-position":"center center","background-size":"auto","background-attachment":"scroll","background-type":"","background-media":"","overlay-type":"","overlay-color":"","overlay-opacity":"","overlay-gradient":""}},"ast-content-background-meta":{"desktop":{"background-color":"var(--ast-global-color-5)","background-image":"","background-repeat":"repeat","background-position":"center center","background-size":"auto","background-attachment":"scroll","background-type":"","background-media":"","overlay-type":"","overlay-color":"","overlay-opacity":"","overlay-gradient":""},"tablet":{"background-color":"var(--ast-global-color-5)","background-image":"","background-repeat":"repeat","background-position":"center center","background-size":"auto","background-attachment":"scroll","background-type":"","background-media":"","overlay-type":"","overlay-color":"","overlay-opacity":"","overlay-gradient":""},"mobile":{"background-color":"var(--ast-global-color-5)","background-image":"","background-repeat":"repeat","background-position":"center center","background-size":"auto","background-attachment":"scroll","background-type":"","background-media":"","overlay-type":"","overlay-color":"","overlay-opacity":"","overlay-gradient":""}},"footnotes":""},"class_list":["post-1173","page","type-page","status-publish","hentry"],"yoast_head":"<!-- This site is optimized with the Yoast SEO plugin v26.9 - https:\/\/yoast.com\/product\/yoast-seo-wordpress\/ -->\n<title>\u0414\u043e\u0441\u043b\u0456\u0434\u0436\u0435\u043d\u043d\u044f \u0440\u043e\u0434\u043e\u0432\u043e\u0434\u0443 \u0442\u0430 \u0433\u0435\u043d\u0435\u0430\u043b\u043e\u0433\u0456\u044f: \u043f\u043e\u0440\u0430\u0434\u0438 \u0442\u0430 \u0446\u0456\u043a\u0430\u0432\u0456 \u0444\u0430\u043a\u0442\u0438<\/title>\n<meta name=\"description\" content=\"\u041f\u0440\u043e\u0444\u0435\u0441\u0456\u0439\u043d\u0456 \u0441\u0435\u043a\u0440\u0435\u0442\u0438 \u043f\u043e\u0448\u0443\u043a\u0443 \u043f\u0440\u0430\u0449\u0443\u0440\u0456\u0432. \u0427\u0438\u0442\u0430\u0439\u0442\u0435 \u043f\u0440\u043e \u0430\u0440\u0445\u0456\u0432\u043d\u0456 \u0434\u043e\u0441\u043b\u0456\u0434\u0436\u0435\u043d\u043d\u044f, \u0414\u041d\u041a-\u0442\u0435\u0441\u0442\u0438 \u0434\u043b\u044f \u0433\u0435\u043d\u0435\u0430\u043b\u043e\u0433\u0456\u0457 \u0442\u0430 \u043c\u0435\u0442\u043e\u0434\u0438 \u0432\u0456\u0434\u043d\u043e\u0432\u043b\u0435\u043d\u043d\u044f \u0432\u0442\u0440\u0430\u0447\u0435\u043d\u0438\u0445 \u0441\u0442\u043e\u0440\u0456\u043d\u043e\u043a \u0456\u0441\u0442\u043e\u0440\u0456\u0457 \u0432\u0430\u0448\u043e\u0433\u043e \u0440\u043e\u0434\u0443.\" \/>\n<meta name=\"robots\" content=\"index, follow, max-snippet:-1, max-image-preview:large, max-video-preview:-1\" \/>\n<link rel=\"canonical\" href=\"https:\/\/familytree.in.ua\/ro\/blog\/\" \/>\n<meta property=\"og:locale\" content=\"ro_RO\" \/>\n<meta property=\"og:type\" content=\"article\" \/>\n<meta property=\"og:title\" content=\"\u0414\u043e\u0441\u043b\u0456\u0434\u0436\u0435\u043d\u043d\u044f \u0440\u043e\u0434\u043e\u0432\u043e\u0434\u0443 \u0442\u0430 \u0433\u0435\u043d\u0435\u0430\u043b\u043e\u0433\u0456\u044f: \u043f\u043e\u0440\u0430\u0434\u0438 \u0442\u0430 \u0446\u0456\u043a\u0430\u0432\u0456 \u0444\u0430\u043a\u0442\u0438\" \/>\n<meta property=\"og:description\" content=\"\u041f\u0440\u043e\u0444\u0435\u0441\u0456\u0439\u043d\u0456 \u0441\u0435\u043a\u0440\u0435\u0442\u0438 \u043f\u043e\u0448\u0443\u043a\u0443 \u043f\u0440\u0430\u0449\u0443\u0440\u0456\u0432. \u0427\u0438\u0442\u0430\u0439\u0442\u0435 \u043f\u0440\u043e \u0430\u0440\u0445\u0456\u0432\u043d\u0456 \u0434\u043e\u0441\u043b\u0456\u0434\u0436\u0435\u043d\u043d\u044f, \u0414\u041d\u041a-\u0442\u0435\u0441\u0442\u0438 \u0434\u043b\u044f \u0433\u0435\u043d\u0435\u0430\u043b\u043e\u0433\u0456\u0457 \u0442\u0430 \u043c\u0435\u0442\u043e\u0434\u0438 \u0432\u0456\u0434\u043d\u043e\u0432\u043b\u0435\u043d\u043d\u044f \u0432\u0442\u0440\u0430\u0447\u0435\u043d\u0438\u0445 \u0441\u0442\u043e\u0440\u0456\u043d\u043e\u043a \u0456\u0441\u0442\u043e\u0440\u0456\u0457 \u0432\u0430\u0448\u043e\u0433\u043e \u0440\u043e\u0434\u0443.\" \/>\n<meta property=\"og:url\" content=\"https:\/\/familytree.in.ua\/ro\/blog\/\" \/>\n<meta property=\"og:site_name\" content=\"Family Tree\" \/>\n<meta property=\"article:modified_time\" content=\"2026-03-31T06:22:37+00:00\" \/>\n<meta name=\"twitter:card\" content=\"summary_large_image\" \/>\n<meta name=\"twitter:label1\" content=\"Timp estimat pentru citire\" \/>\n\t<meta name=\"twitter:data1\" content=\"1 minut\" \/>\n<script type=\"application\/ld+json\" class=\"yoast-schema-graph\">{\"@context\":\"https:\/\/schema.org\",\"@graph\":[{\"@type\":\"WebPage\",\"@id\":\"https:\/\/familytree.in.ua\/blog\/\",\"url\":\"https:\/\/familytree.in.ua\/blog\/\",\"name\":\"\u0414\u043e\u0441\u043b\u0456\u0434\u0436\u0435\u043d\u043d\u044f \u0440\u043e\u0434\u043e\u0432\u043e\u0434\u0443 \u0442\u0430 \u0433\u0435\u043d\u0435\u0430\u043b\u043e\u0433\u0456\u044f: \u043f\u043e\u0440\u0430\u0434\u0438 \u0442\u0430 \u0446\u0456\u043a\u0430\u0432\u0456 \u0444\u0430\u043a\u0442\u0438\",\"isPartOf\":{\"@id\":\"https:\/\/familytree.in.ua\/#website\"},\"datePublished\":\"2026-03-30T10:21:31+00:00\",\"dateModified\":\"2026-03-31T06:22:37+00:00\",\"description\":\"\u041f\u0440\u043e\u0444\u0435\u0441\u0456\u0439\u043d\u0456 \u0441\u0435\u043a\u0440\u0435\u0442\u0438 \u043f\u043e\u0448\u0443\u043a\u0443 \u043f\u0440\u0430\u0449\u0443\u0440\u0456\u0432. \u0427\u0438\u0442\u0430\u0439\u0442\u0435 \u043f\u0440\u043e \u0430\u0440\u0445\u0456\u0432\u043d\u0456 \u0434\u043e\u0441\u043b\u0456\u0434\u0436\u0435\u043d\u043d\u044f, \u0414\u041d\u041a-\u0442\u0435\u0441\u0442\u0438 \u0434\u043b\u044f \u0433\u0435\u043d\u0435\u0430\u043b\u043e\u0433\u0456\u0457 \u0442\u0430 \u043c\u0435\u0442\u043e\u0434\u0438 \u0432\u0456\u0434\u043d\u043e\u0432\u043b\u0435\u043d\u043d\u044f \u0432\u0442\u0440\u0430\u0447\u0435\u043d\u0438\u0445 \u0441\u0442\u043e\u0440\u0456\u043d\u043e\u043a \u0456\u0441\u0442\u043e\u0440\u0456\u0457 \u0432\u0430\u0448\u043e\u0433\u043e \u0440\u043e\u0434\u0443.\",\"breadcrumb\":{\"@id\":\"https:\/\/familytree.in.ua\/blog\/#breadcrumb\"},\"inLanguage\":\"ro-RO\",\"potentialAction\":[{\"@type\":\"ReadAction\",\"target\":[\"https:\/\/familytree.in.ua\/blog\/\"]}]},{\"@type\":\"BreadcrumbList\",\"@id\":\"https:\/\/familytree.in.ua\/blog\/#breadcrumb\",\"itemListElement\":[{\"@type\":\"ListItem\",\"position\":1,\"name\":\"\u0413\u043e\u043b\u043e\u0432\u043d\u0430\",\"item\":\"https:\/\/familytree.in.ua\/\"},{\"@type\":\"ListItem\",\"position\":2,\"name\":\"\u0411\u043b\u043e\u0433\"}]},{\"@type\":\"WebSite\",\"@id\":\"https:\/\/familytree.in.ua\/#website\",\"url\":\"https:\/\/familytree.in.ua\/\",\"name\":\"Family Tree\",\"description\":\"\",\"publisher\":{\"@id\":\"https:\/\/familytree.in.ua\/#organization\"},\"potentialAction\":[{\"@type\":\"SearchAction\",\"target\":{\"@type\":\"EntryPoint\",\"urlTemplate\":\"https:\/\/familytree.in.ua\/?s={search_term_string}\"},\"query-input\":{\"@type\":\"PropertyValueSpecification\",\"valueRequired\":true,\"valueName\":\"search_term_string\"}}],\"inLanguage\":\"ro-RO\"},{\"@type\":\"Organization\",\"@id\":\"https:\/\/familytree.in.ua\/#organization\",\"name\":\"Family Tree\",\"url\":\"https:\/\/familytree.in.ua\/\",\"logo\":{\"@type\":\"ImageObject\",\"inLanguage\":\"ro-RO\",\"@id\":\"https:\/\/familytree.in.ua\/#\/schema\/logo\/image\/\",\"url\":\"https:\/\/familytree.in.ua\/wp-content\/uploads\/2026\/02\/logo-familytree.png\",\"contentUrl\":\"https:\/\/familytree.in.ua\/wp-content\/uploads\/2026\/02\/logo-familytree.png\",\"width\":300,\"height\":111,\"caption\":\"Family Tree\"},\"image\":{\"@id\":\"https:\/\/familytree.in.ua\/#\/schema\/logo\/image\/\"}}]}<\/script>\n<!-- \/ Yoast SEO plugin. -->","yoast_head_json":{"title":"Cercetarea arborelui genealogic \u0219i genealogia: sfaturi \u0219i fapte interesante","description":"Secrete profesionale pentru g\u0103sirea str\u0103mo\u0219ilor. Citi\u021bi despre cercet\u0103rile arhivistice, testele ADN pentru genealogie \u0219i metodele de restaurare a paginilor pierdute din istoria familiei dumneavoastr\u0103.","robots":{"index":"index","follow":"follow","max-snippet":"max-snippet:-1","max-image-preview":"max-image-preview:large","max-video-preview":"max-video-preview:-1"},"canonical":"https:\/\/familytree.in.ua\/ro\/blog\/","og_locale":"ro_RO","og_type":"article","og_title":"\u0414\u043e\u0441\u043b\u0456\u0434\u0436\u0435\u043d\u043d\u044f \u0440\u043e\u0434\u043e\u0432\u043e\u0434\u0443 \u0442\u0430 \u0433\u0435\u043d\u0435\u0430\u043b\u043e\u0433\u0456\u044f: \u043f\u043e\u0440\u0430\u0434\u0438 \u0442\u0430 \u0446\u0456\u043a\u0430\u0432\u0456 \u0444\u0430\u043a\u0442\u0438","og_description":"\u041f\u0440\u043e\u0444\u0435\u0441\u0456\u0439\u043d\u0456 \u0441\u0435\u043a\u0440\u0435\u0442\u0438 \u043f\u043e\u0448\u0443\u043a\u0443 \u043f\u0440\u0430\u0449\u0443\u0440\u0456\u0432. \u0427\u0438\u0442\u0430\u0439\u0442\u0435 \u043f\u0440\u043e \u0430\u0440\u0445\u0456\u0432\u043d\u0456 \u0434\u043e\u0441\u043b\u0456\u0434\u0436\u0435\u043d\u043d\u044f, \u0414\u041d\u041a-\u0442\u0435\u0441\u0442\u0438 \u0434\u043b\u044f \u0433\u0435\u043d\u0435\u0430\u043b\u043e\u0433\u0456\u0457 \u0442\u0430 \u043c\u0435\u0442\u043e\u0434\u0438 \u0432\u0456\u0434\u043d\u043e\u0432\u043b\u0435\u043d\u043d\u044f \u0432\u0442\u0440\u0430\u0447\u0435\u043d\u0438\u0445 \u0441\u0442\u043e\u0440\u0456\u043d\u043e\u043a \u0456\u0441\u0442\u043e\u0440\u0456\u0457 \u0432\u0430\u0448\u043e\u0433\u043e \u0440\u043e\u0434\u0443.","og_url":"https:\/\/familytree.in.ua\/ro\/blog\/","og_site_name":"Family Tree","article_modified_time":"2026-03-31T06:22:37+00:00","twitter_card":"summary_large_image","twitter_misc":{"Timp estimat pentru citire":"1 minut"},"schema":{"@context":"https:\/\/schema.org","@graph":[{"@type":"WebPage","@id":"https:\/\/familytree.in.ua\/blog\/","url":"https:\/\/familytree.in.ua\/blog\/","name":"Cercetarea arborelui genealogic \u0219i genealogia: sfaturi \u0219i fapte interesante","isPartOf":{"@id":"https:\/\/familytree.in.ua\/#website"},"datePublished":"2026-03-30T10:21:31+00:00","dateModified":"2026-03-31T06:22:37+00:00","description":"Secrete profesionale pentru g\u0103sirea str\u0103mo\u0219ilor. Citi\u021bi despre cercet\u0103rile arhivistice, testele ADN pentru genealogie \u0219i metodele de restaurare a paginilor pierdute din istoria familiei dumneavoastr\u0103.","breadcrumb":{"@id":"https:\/\/familytree.in.ua\/blog\/#breadcrumb"},"inLanguage":"ro-RO","potentialAction":[{"@type":"ReadAction","target":["https:\/\/familytree.in.ua\/blog\/"]}]},{"@type":"BreadcrumbList","@id":"https:\/\/familytree.in.ua\/blog\/#breadcrumb","itemListElement":[{"@type":"ListItem","position":1,"name":"\u0413\u043e\u043b\u043e\u0432\u043d\u0430","item":"https:\/\/familytree.in.ua\/"},{"@type":"ListItem","position":2,"name":"\u0411\u043b\u043e\u0433"}]},{"@type":"WebSite","@id":"https:\/\/familytree.in.ua\/#website","url":"https:\/\/familytree.in.ua\/","name":"Arborele genealogic","description":"","publisher":{"@id":"https:\/\/familytree.in.ua\/#organization"},"potentialAction":[{"@type":"SearchAction","target":{"@type":"EntryPoint","urlTemplate":"https:\/\/familytree.in.ua\/?s={search_term_string}"},"query-input":{"@type":"PropertyValueSpecification","valueRequired":true,"valueName":"search_term_string"}}],"inLanguage":"ro-RO"},{"@type":"Organization","@id":"https:\/\/familytree.in.ua\/#organization","name":"Arborele genealogic","url":"https:\/\/familytree.in.ua\/","logo":{"@type":"ImageObject","inLanguage":"ro-RO","@id":"https:\/\/familytree.in.ua\/#\/schema\/logo\/image\/","url":"https:\/\/familytree.in.ua\/wp-content\/uploads\/2026\/02\/logo-familytree.png","contentUrl":"https:\/\/familytree.in.ua\/wp-content\/uploads\/2026\/02\/logo-familytree.png","width":300,"height":111,"caption":"Family Tree"},"image":{"@id":"https:\/\/familytree.in.ua\/#\/schema\/logo\/image\/"}}]}},"uagb_featured_image_src":{"full":false,"thumbnail":false,"medium":false,"medium_large":false,"large":false,"1536x1536":false,"2048x2048":false,"trp-custom-language-flag":false},"uagb_author_info":{"display_name":"admin","author_link":"https:\/\/familytree.in.ua\/ro\/author\/admin\/"},"uagb_comment_info":0,"uagb_excerpt":"\u0411\u043b\u043e\u0433","_links":{"self":[{"href":"https:\/\/familytree.in.ua\/ro\/wp-json\/wp\/v2\/pages\/1173","targetHints":{"allow":["GET"]}}],"collection":[{"href":"https:\/\/familytree.in.ua\/ro\/wp-json\/wp\/v2\/pages"}],"about":[{"href":"https:\/\/familytree.in.ua\/ro\/wp-json\/wp\/v2\/types\/page"}],"author":[{"embeddable":true,"href":"https:\/\/familytree.in.ua\/ro\/wp-json\/wp\/v2\/users\/1"}],"replies":[{"embeddable":true,"href":"https:\/\/familytree.in.ua\/ro\/wp-json\/wp\/v2\/comments?post=1173"}],"version-history":[{"count":7,"href":"https:\/\/familytree.in.ua\/ro\/wp-json\/wp\/v2\/pages\/1173\/revisions"}],"predecessor-version":[{"id":1206,"href":"https:\/\/familytree.in.ua\/ro\/wp-json\/wp\/v2\/pages\/1173\/revisions\/1206"}],"wp:attachment":[{"href":"https:\/\/familytree.in.ua\/ro\/wp-json\/wp\/v2\/media?parent=1173"}],"curies":[{"name":"wp","href":"https:\/\/api.w.org\/{rel}","templated":true}]}}